{"id":1241,"date":"2014-07-07T12:19:34","date_gmt":"2014-07-07T10:19:34","guid":{"rendered":"http:\/\/leben-sinn.de\/lebensberatung\/?page_id=1241"},"modified":"2023-01-11T09:15:35","modified_gmt":"2023-01-11T07:15:35","slug":"yogacruise","status":"publish","type":"page","link":"http:\/\/leben-sinn.de\/lebensberatung\/yoga-zentrum\/yogacruise","title":{"rendered":"Yoga und Ayurveda Segelcruise"},"content":{"rendered":"<table class=\"inhalt\">\n<tbody>\n<tr>\n<td class=\"text\">\n<h1>Yoga-Segelcruise<\/h1>\n<h2 style=\"text-align: justify;\"><strong><span style=\"color: #99cc00;\">Aufgrund der politischen Lage finden die Segelreisen in die T\u00fcrkei derzeit nicht statt. <\/span><\/strong><strong><span style=\"color: #99cc00;\">Wir sind dabei, alternative Routen nach Kroatien und Montenegro zu organisieren.\u00a0<\/span><\/strong><\/h2>\n<h2><\/h2>\n<h2><\/h2>\n<h2><\/h2>\n<h2>Beschreibung &amp; Programmablauf<\/h2>\n<p style=\"text-align: justify;\">Wir stechen mit einem Segelschiff der Yogacruising Flotte in See und bieten ein unvergessliches Erlebnis. Gef\u00fchrte Wanderungen, interessante Ausfl\u00fcge, k\u00f6stliches Essen, Yogastunden an Deck und vor allem viel Entspannung.<\/p>\n<p style=\"text-align: justify;\"><strong><span style=\"color: #99cc00;\">\u00a0<\/span><\/strong><\/p>\n<h2>Das Yoga-Angebot:<\/h2>\n<p style=\"text-align: justify;\">T\u00e4glich beginnen wir mit einer Yoga-Stunde auf dem Sonnendeck und starten so sehr entspannt in den Urlaubstag. Am Abend gibt es eine weitere Yoga-Stunde in den Sonnenuntergang hinein &#8230;<\/p>\n<p>&#8230; und dazwischen gibt es viel Raum und Zeit zum SEIN &#8230;<\/p>\n<h2><\/h2>\n<h2><\/h2>\n<\/td>\n<td class=\"bild\"><img decoding=\"async\" class=\"alignright size-full wp-image-145\" style=\"margin: 35px 50px;\" src=\"http:\/\/leben-sinn.de\/lebensberatung\/wp-content\/uploads\/2014\/07\/yogacruise_01.jpg\" alt=\"yogacruise\" width=\"289\" \/><img decoding=\"async\" class=\"alignright size-full wp-image-145\" style=\"margin: 35px 50px;\" src=\"http:\/\/leben-sinn.de\/lebensberatung\/wp-content\/uploads\/2014\/07\/yogacruise_02.jpg\" alt=\"yogacruise\" width=\"289\" \/><\/p>\n<p style=\"text-align: justify; margin: 35px 35px;\">\n<\/td>\n<\/tr>\n<\/tbody>\n<\/table>\n","protected":false},"excerpt":{"rendered":"<p>Yoga-Segelcruise Aufgrund der politischen Lage finden die Segelreisen in die T\u00fcrkei derzeit nicht statt. Wir sind dabei, alternative Routen nach Kroatien und Montenegro zu organisieren.\u00a0 Beschreibung &amp; Programmablauf Wir stechen mit einem Segelschiff der Yogacruising Flotte in See und bieten ein unvergessliches Erlebnis. Gef\u00fchrte Wanderungen, interessante Ausfl\u00fcge, k\u00f6stliches Essen, Yogastunden an Deck und vor allem [&hellip;]<\/p>\n","protected":false},"author":1,"featured_media":1511,"parent":92,"menu_order":6,"comment_status":"closed","ping_status":"closed","template":"page-templates\/full-width.php","meta":[],"_links":{"self":[{"href":"http:\/\/leben-sinn.de\/lebensberatung\/wp-json\/wp\/v2\/pages\/1241"}],"collection":[{"href":"http:\/\/leben-sinn.de\/lebensberatung\/wp-json\/wp\/v2\/pages"}],"about":[{"href":"http:\/\/leben-sinn.de\/lebensberatung\/wp-json\/wp\/v2\/types\/page"}],"author":[{"embeddable":true,"href":"http:\/\/leben-sinn.de\/lebensberatung\/wp-json\/wp\/v2\/users\/1"}],"replies":[{"embeddable":true,"href":"http:\/\/leben-sinn.de\/lebensberatung\/wp-json\/wp\/v2\/comments?post=1241"}],"version-history":[{"count":52,"href":"http:\/\/leben-sinn.de\/lebensberatung\/wp-json\/wp\/v2\/pages\/1241\/revisions"}],"predecessor-version":[{"id":2239,"href":"http:\/\/leben-sinn.de\/lebensberatung\/wp-json\/wp\/v2\/pages\/1241\/revisions\/2239"}],"up":[{"embeddable":true,"href":"http:\/\/leben-sinn.de\/lebensberatung\/wp-json\/wp\/v2\/pages\/92"}],"wp:featuredmedia":[{"embeddable":true,"href":"http:\/\/leben-sinn.de\/lebensberatung\/wp-json\/wp\/v2\/media\/1511"}],"wp:attachment":[{"href":"http:\/\/leben-sinn.de\/lebensberatung\/wp-json\/wp\/v2\/media?parent=1241"}],"curies":[{"name":"wp","href":"https:\/\/api.w.org\/{rel}","templated":true}]}}