{"id":223,"date":"2013-09-07T14:23:28","date_gmt":"2013-09-07T12:23:28","guid":{"rendered":"http:\/\/leben-sinn.de\/lebensberatung\/?page_id=223"},"modified":"2018-05-19T13:10:51","modified_gmt":"2018-05-19T11:10:51","slug":"yogawochenende","status":"publish","type":"page","link":"http:\/\/leben-sinn.de\/lebensberatung\/yoga-zentrum\/yogawochenende","title":{"rendered":"yoga-wochenende"},"content":{"rendered":"<p>&nbsp;<\/p>\n<table class=\"inhalt\">\n<tbody>\n<tr>\n<td class=\"text\">\n<h1>yoga-wochenende im triebischtal<\/h1>\n<p style=\"text-align: justify;\"><strong><span style=\"font-family: 'Arial','sans-serif'; color: #99cc00;\">Komm mit mir auf die\u00a0 Reise, weg vom Stress des Alltages,\u00a0<\/span><\/strong><span style=\"font-family: 'Arial','sans-serif';\">\u00a0\u00a0\u00a0\u00a0\u00a0\u00a0\u00a0\u00a0\u00a0\u00a0\u00a0\u00a0\u00a0\u00a0\u00a0\u00a0\u00a0\u00a0\u00a0\u00a0\u00a0\u00a0\u00a0\u00a0\u00a0\u00a0\u00a0\u00a0\u00a0\u00a0\u00a0\u00a0\u00a0\u00a0\u00a0\u00a0\u00a0\u00a0\u00a0 <span style=\"color: #5f5f5f;\">an\u00a0 ausgew\u00e4hlt\u00a0 sch\u00f6ne\u00a0 Orte und Pl\u00e4tze. Bei einem Yoga-Wochenende kannst Du f\u00fcr Dich selbst und zusammen mit anderen Kraft und Energie tanken sowie neue Eindr\u00fccke und Impulse sammeln. Nimm Dir eine kleine Auszeit.Im Kulturdenkmal Wetzelm\u00fchle \u201eAppenhof\u201c bei Mei\u00dfen bist Du an einem ganz besonderen Ort.<\/span><\/span><\/p>\n<p style=\"text-align: justify;\"><strong><span style=\"font-family: 'Arial','sans-serif'; color: #99cc00;\">\u00a0<\/span><\/strong><\/p>\n<p style=\"text-align: justify;\"><strong><span style=\"font-family: 'Arial','sans-serif'; color: #99cc00;\">Unser Domizil ist das Seminarhaus \u201eAppenhof\u201c im Triebischtal bei Mei\u00dfen.<\/span><\/strong>\u00a0\u00a0\u00a0\u00a0\u00a0\u00a0\u00a0\u00a0\u00a0\u00a0\u00a0\u00a0\u00a0\u00a0\u00a0\u00a0\u00a0\u00a0\u00a0\u00a0 <span style=\"font-family: 'Arial','sans-serif'; color: #5f5f5f;\">Der Vierseithof aus dem 18. Jahrhundert wurde bereits in den 80er Jahren von K\u00fcnstlern liebevoll um- und ausgebaut. Heute bietet die romantische M\u00fchle Raum und vor allem Zeit f\u00fcr Veranstaltungen, Seminare und Festlichkeiten. Das Leben auf dem K\u00fcnstlerhof erinnert an das einer Gro\u00dffamilie &#8211; Gastfreundschaft und Liebe zum Detail scheinen das Leben hier einfacher zu machen. Hier gibt es Raum f\u00fcr Mensch und Tier, f\u00fcr Kreativit\u00e4t und Kunst im wohlwollenden Miteinander.<\/span><\/p>\n<p style=\"text-align: justify;\"><span style=\"font-family: 'Arial','sans-serif'; color: #5f5f5f;\">Wir werden Yoga machen, ja. Und neben den Yoga-Stunden wird viel Zeit sein, die Tage dort und die herrliche Umgebung zu genie\u00dfen \u2013 zum Beispiel am nahen Bach zu sein und zu tr\u00e4umen, ein St\u00fcck zu wandern in der n\u00e4heren Umgebung, \u2026\u00a0 oder einfach auch nur um in der Sonne zu liegen und das Leben zu genie\u00dfen.<\/span><span style=\"font-family: 'Arial','sans-serif';\">\u00a0 <\/span><\/p>\n<p style=\"text-align: justify;\"><strong><span style=\"font-family: 'Arial','sans-serif'; color: #99cc00;\">&#8230; und nat\u00fcrlich ist auch Zeit zum Lesen, Tr\u00e4umen, Schlafen, Relaxen, zum miteinander Reden und Sein, &#8230;<br \/>\n<\/span><\/strong><\/p>\n<p style=\"text-align: justify;\"><span style=\"font-family: 'Arial','sans-serif'; color: #5f5f5f;\">\u00a0<\/span><\/p>\n<p style=\"text-align: justify;\"><span style=\"font-family: 'Arial','sans-serif'; color: #5f5f5f;\">Das Wochenende beginnt am Freitag gegen 17:00 Uhr und schlie\u00dft mit einem gemeinsamen Kaffeetrinken am Sonntag gegen 15:00 Uhr ab. So gelingt das \u201eRein und Raus\u201c zwischen Alltag und Wochenende am besten.<\/span><\/p>\n<p><br style=\"color: #99cc00;\" \/><a title=\"Termine \/ Preise\" href=\"..\/yogawochenende\/yogawochenende-termine-preise\">Termine \/ Preise<\/a><\/td>\n<td class=\"bild\"><img decoding=\"async\" loading=\"lazy\" class=\"aligncenter size-full wp-image-1814\" src=\"http:\/\/leben-sinn.de\/lebensberatung\/wp-content\/uploads\/Pfau.jpg\" alt=\"\" width=\"1468\" height=\"1051\" srcset=\"http:\/\/leben-sinn.de\/lebensberatung\/wp-content\/uploads\/Pfau.jpg 1468w, http:\/\/leben-sinn.de\/lebensberatung\/wp-content\/uploads\/Pfau-300x215.jpg 300w, http:\/\/leben-sinn.de\/lebensberatung\/wp-content\/uploads\/Pfau-768x550.jpg 768w, http:\/\/leben-sinn.de\/lebensberatung\/wp-content\/uploads\/Pfau-1024x733.jpg 1024w, http:\/\/leben-sinn.de\/lebensberatung\/wp-content\/uploads\/Pfau-624x447.jpg 624w\" sizes=\"(max-width: 1468px) 100vw, 1468px\" \/><img decoding=\"async\" loading=\"lazy\" class=\"aligncenter size-full wp-image-1816\" src=\"http:\/\/leben-sinn.de\/lebensberatung\/wp-content\/uploads\/Hof-heller-2.jpg\" alt=\"\" width=\"1700\" height=\"942\" srcset=\"http:\/\/leben-sinn.de\/lebensberatung\/wp-content\/uploads\/Hof-heller-2.jpg 1700w, http:\/\/leben-sinn.de\/lebensberatung\/wp-content\/uploads\/Hof-heller-2-300x166.jpg 300w, http:\/\/leben-sinn.de\/lebensberatung\/wp-content\/uploads\/Hof-heller-2-768x426.jpg 768w, http:\/\/leben-sinn.de\/lebensberatung\/wp-content\/uploads\/Hof-heller-2-1024x567.jpg 1024w, http:\/\/leben-sinn.de\/lebensberatung\/wp-content\/uploads\/Hof-heller-2-624x346.jpg 624w\" sizes=\"(max-width: 1700px) 100vw, 1700px\" \/><\/td>\n<\/tr>\n<\/tbody>\n<\/table>\n<p>\u200b\u200b\u200b<\/p>\n<p>\u200b<\/p>\n","protected":false},"excerpt":{"rendered":"<p>&nbsp; yoga-wochenende im triebischtal Komm mit mir auf die\u00a0 Reise, weg vom Stress des Alltages,\u00a0\u00a0\u00a0\u00a0\u00a0\u00a0\u00a0\u00a0\u00a0\u00a0\u00a0\u00a0\u00a0\u00a0\u00a0\u00a0\u00a0\u00a0\u00a0\u00a0\u00a0\u00a0\u00a0\u00a0\u00a0\u00a0\u00a0\u00a0\u00a0\u00a0\u00a0\u00a0\u00a0\u00a0\u00a0\u00a0\u00a0\u00a0\u00a0\u00a0 an\u00a0 ausgew\u00e4hlt\u00a0 sch\u00f6ne\u00a0 Orte und Pl\u00e4tze. Bei einem Yoga-Wochenende kannst Du f\u00fcr Dich selbst und zusammen mit anderen Kraft und Energie tanken sowie neue Eindr\u00fccke und Impulse sammeln. Nimm Dir eine kleine Auszeit.Im Kulturdenkmal Wetzelm\u00fchle \u201eAppenhof\u201c bei Mei\u00dfen bist Du [&hellip;]<\/p>\n","protected":false},"author":1,"featured_media":0,"parent":92,"menu_order":5,"comment_status":"closed","ping_status":"closed","template":"page-templates\/full-width.php","meta":[],"_links":{"self":[{"href":"http:\/\/leben-sinn.de\/lebensberatung\/wp-json\/wp\/v2\/pages\/223"}],"collection":[{"href":"http:\/\/leben-sinn.de\/lebensberatung\/wp-json\/wp\/v2\/pages"}],"about":[{"href":"http:\/\/leben-sinn.de\/lebensberatung\/wp-json\/wp\/v2\/types\/page"}],"author":[{"embeddable":true,"href":"http:\/\/leben-sinn.de\/lebensberatung\/wp-json\/wp\/v2\/users\/1"}],"replies":[{"embeddable":true,"href":"http:\/\/leben-sinn.de\/lebensberatung\/wp-json\/wp\/v2\/comments?post=223"}],"version-history":[{"count":49,"href":"http:\/\/leben-sinn.de\/lebensberatung\/wp-json\/wp\/v2\/pages\/223\/revisions"}],"predecessor-version":[{"id":1849,"href":"http:\/\/leben-sinn.de\/lebensberatung\/wp-json\/wp\/v2\/pages\/223\/revisions\/1849"}],"up":[{"embeddable":true,"href":"http:\/\/leben-sinn.de\/lebensberatung\/wp-json\/wp\/v2\/pages\/92"}],"wp:attachment":[{"href":"http:\/\/leben-sinn.de\/lebensberatung\/wp-json\/wp\/v2\/media?parent=223"}],"curies":[{"name":"wp","href":"https:\/\/api.w.org\/{rel}","templated":true}]}}