{"id":255,"date":"2013-09-07T15:22:52","date_gmt":"2013-09-07T13:22:52","guid":{"rendered":"http:\/\/leben-sinn.de\/lebensberatung\/?page_id=255"},"modified":"2026-03-25T15:17:06","modified_gmt":"2026-03-25T13:17:06","slug":"fasten-termine","status":"publish","type":"page","link":"http:\/\/leben-sinn.de\/lebensberatung\/fasten-zeiten\/fasten-termine","title":{"rendered":"fasten-termine"},"content":{"rendered":"<table class=\"inhalt\">\n<tbody>\n<tr>\n<td class=\"text\">\n<h3>termine \/ preise<\/h3>\n<h3><span style=\"color: #ffffff;\">Sin<\/span><\/h3>\n<h3><span style=\"color: #ffffff;\">Sin<\/span><\/h3>\n<h3><span style=\"color: #99cc00;\">Her<\/span><span style=\"color: #99cc00;\">bst-Fastenzeit<\/span><span style=\"color: #99cc00;\"> I <\/span><span style=\"color: revert; font-size: revert; font-weight: revert; font-family: inherit;\">(10 Tage) \/ 650,00 \u20ac<\/span><\/h3>\n<h3>23. Oktober &#8211; 01. November 2026<\/h3>\n<h4><span style=\"color: #808080;\"><span style=\"color: #000000;\">Goldener Herbst \u00fcberall in den Buchenw\u00e4ldern auf R\u00fcgen.<\/span><\/span><\/h4>\n<p>Die unz\u00e4hligen Buchen der Insel leuchten braunrot und goldgelb und verzaubern die sanften H\u00fcgel und Berge von R\u00fcgen in ein herrliches Farbenmeer. Die wei\u00dfen Kreidefelsen, die blaue See un der unendliche Blick bis zum Horizont weiten unser Herz und n\u00e4hren die Seele. Die ersten Kraniche brechen auf, der Herbst-Mond ist unvergleichlich sch\u00f6n &#8230;<\/p>\n<p><span style=\"color: #808080;\">\u00a0 \u00a0\u00a0<\/span><\/p>\n<h3><span style=\"color: #99cc00;\">He<\/span><span style=\"color: #99cc00;\">rbst-Fastenzeit<\/span><span style=\"color: #99cc00;\"> II <\/span>(10 Tage) \/ 650,00 \u20ac<\/h3>\n<h3>13. &#8211; 22. November 2026<\/h3>\n<h4><span style=\"color: #808080;\"><span style=\"color: #000000;\">Es geht<\/span> <span style=\"color: #000000;\">um&#8217;s Loslassen, um&#8217;s Anhalten.<\/span><\/span><\/h4>\n<p>Die ersten Herbst-St\u00fcrme treiben das Laub in die H\u00f6he und laden uns ein, an der kraftvollen und wilden Natur der Insel teilzuhaben: wilde Wellen zerstieben an den Seebr\u00fccken, das Meer tobt sich am Strand aus, der Wind pfeift uns um die Ohren und lockt uns zur\u00fcck in warme Stuben zum hei\u00dfen Sanddornsaft &#8211; und abends in die Sauna.<\/p>\n<p>Ein paar Tage sp\u00e4ter ist alles still und sanfter Nebel legt sich wie ein Tuch \u00fcber Wald und Feld; Meer und Himmerl gehen ohne Horizont ineinander \u00fcber &#8211; es ist ruhig geworden, das Jahr hat sich ausgetobt und es liegt ein unglaublicher Frieden \u00fcber allem &#8230;<\/p>\n<h3><\/h3>\n<h3><span style=\"color: #ffffff;\">Fr<\/span><\/h3>\n<h3><span style=\"color: #00ff00;\"><span style=\"color: #99cc00;\">Fr\u00fchjahrs-Fastenzeit I<\/span><\/span> (10 Tage) \/ 650,00 \u20ac<\/h3>\n<h3>05. Februar &#8211; 14. Ferbuar 2027<\/h3>\n<h4>R\u00fcgen &#8211; eine Insel voller Leidenschaft und Stille.<\/h4>\n<p>Wir machen bewusst au\u00dferhalb des Main-Streams Urlaub auf Deutschlands sch\u00f6nster Insel &#8211; gerade im Winter ist der Zauber der Insel ganz besonders zu sp\u00fcren: die Stille der Str\u00e4nde, die Weite und Endlosigkeit bis zum Horizont, Schnee und bizarre Eisformen an Buhnen und Seebr\u00fccken &#8230;<\/p>\n<h3><\/h3>\n<h3><span style=\"color: #ffffff;\">FR<\/span><\/h3>\n<h3><span style=\"color: #99cc00;\">Fr\u00fchjahrs-Fastenzeit II<\/span>\u00a0 (10 Tage) \/ 650,00 \u20ac<\/h3>\n<h3>05. M\u00e4rz &#8211; 14. M\u00e4rz 2027<\/h3>\n<h4><span style=\"color: #000000;\">Die Insel erwacht in den Fr\u00fchling<\/span><\/h4>\n<p>In diesem Fr\u00fchlings-Monat leuchten uns vielleicht schon die ersten Tulpen und Narzissen entgegen &#8211; werden die Knospen an den B\u00e4umen dick, weil sich ihnen neues Leben regt. Mit diesem Frohsinn im Herzen wandern wir der Sonnen entgegen und genie\u00dfen die wundersch\u00f6ne Insel beim ERwachen in den Fr\u00fchling.<\/p>\n<h3><span style=\"color: #ffffff;\">nnan\u00a0<\/span><\/h3>\n<h3><span style=\"color: #ffffff;\">Sinn<\/span><\/h3>\n<h3><span style=\"color: #ffffff;\">Sinn<\/span><\/h3>\n<h3><span style=\"color: #ffffff;\"><strong style=\"font-size: revert; font-family: inherit;\">Herbst<\/strong><\/span><\/h3>\n<p style=\"text-align: justify;\">Die Preise f\u00fcr die Fasten-Zeiten umfassen die komplette Fastenbegleitung\u00a0und die voll-biologische Verpflegung, die Yoga-Stunden, die Begleitung bei allen Ausfl\u00fcgen und Wanderungen, die sachkundige Betreuung durch die Heilpraktikerin und Ern\u00e4hrungs-Expertin, sowie Vortr\u00e4ge \u00fcbers Fasten und gesunde Ern\u00e4hrung.<\/p>\n<p style=\"text-align: justify;\">Die Unterkunft kostet f\u00fcr die Fasten-Zeit ab 395,&#8211; \u20ac im Doppelzimmer-Appartement, im Einzelzimmerappartement ab 575,&#8211; \u20ac &#8211; bitte konkret anfragen.<\/p>\n<p style=\"text-align: justify;\">Zus\u00e4tzliche Kosten entstehen eventuell f\u00fcr Ausfl\u00fcge, f\u00fcr Saunabesuche, &#8230;<\/p>\n<p>Mit einer Anzahlung von 250,&#8211; \u20ac wird die Anmeldung verbindlich und der gebuchte Platz ist sicher.<\/p>\n<p style=\"text-align: justify;\">Wenn Fragen offen sind, freue ich mich auf einen Anruf oder eine Nachricht:<\/p>\n<p><strong><span style=\"color: #99cc00;\">mail(at)leben-sinn.de<\/span><\/strong><\/p>\n<p><strong><span style=\"color: #99cc00;\">0174 &#8211; 314 999 5<\/span><\/strong><\/td>\n<td class=\"bild\" style=\"text-align: left;\"><img decoding=\"async\" loading=\"lazy\" class=\"alignright size-full wp-image-954\" src=\"http:\/\/leben-sinn.de\/lebensberatung\/wp-content\/uploads\/2013\/09\/Kreidefelsen-Herbst.jpg\" alt=\"\" width=\"448\" height=\"283\" srcset=\"http:\/\/leben-sinn.de\/lebensberatung\/wp-content\/uploads\/2013\/09\/Kreidefelsen-Herbst.jpg 448w, http:\/\/leben-sinn.de\/lebensberatung\/wp-content\/uploads\/2013\/09\/Kreidefelsen-Herbst-300x189.jpg 300w\" sizes=\"(max-width: 448px) 100vw, 448px\" \/><\/td>\n<\/tr>\n<\/tbody>\n<\/table>\n","protected":false},"excerpt":{"rendered":"<p>termine \/ preise Sin Sin Herbst-Fastenzeit I (10 Tage) \/ 650,00 \u20ac 23. Oktober &#8211; 01. November 2026 Goldener Herbst \u00fcberall in den Buchenw\u00e4ldern auf R\u00fcgen. Die unz\u00e4hligen Buchen der Insel leuchten braunrot und goldgelb und verzaubern die sanften H\u00fcgel und Berge von R\u00fcgen in ein herrliches Farbenmeer. Die wei\u00dfen Kreidefelsen, die blaue See un [&hellip;]<\/p>\n","protected":false},"author":1,"featured_media":0,"parent":244,"menu_order":1,"comment_status":"closed","ping_status":"closed","template":"page-templates\/full-width.php","meta":[],"_links":{"self":[{"href":"http:\/\/leben-sinn.de\/lebensberatung\/wp-json\/wp\/v2\/pages\/255"}],"collection":[{"href":"http:\/\/leben-sinn.de\/lebensberatung\/wp-json\/wp\/v2\/pages"}],"about":[{"href":"http:\/\/leben-sinn.de\/lebensberatung\/wp-json\/wp\/v2\/types\/page"}],"author":[{"embeddable":true,"href":"http:\/\/leben-sinn.de\/lebensberatung\/wp-json\/wp\/v2\/users\/1"}],"replies":[{"embeddable":true,"href":"http:\/\/leben-sinn.de\/lebensberatung\/wp-json\/wp\/v2\/comments?post=255"}],"version-history":[{"count":234,"href":"http:\/\/leben-sinn.de\/lebensberatung\/wp-json\/wp\/v2\/pages\/255\/revisions"}],"predecessor-version":[{"id":2459,"href":"http:\/\/leben-sinn.de\/lebensberatung\/wp-json\/wp\/v2\/pages\/255\/revisions\/2459"}],"up":[{"embeddable":true,"href":"http:\/\/leben-sinn.de\/lebensberatung\/wp-json\/wp\/v2\/pages\/244"}],"wp:attachment":[{"href":"http:\/\/leben-sinn.de\/lebensberatung\/wp-json\/wp\/v2\/media?parent=255"}],"curies":[{"name":"wp","href":"https:\/\/api.w.org\/{rel}","templated":true}]}}