{"id":263,"date":"2013-09-07T15:34:51","date_gmt":"2013-09-07T13:34:51","guid":{"rendered":"http:\/\/leben-sinn.de\/lebensberatung\/?page_id=263"},"modified":"2016-05-08T20:42:56","modified_gmt":"2016-05-08T18:42:56","slug":"unterkunft","status":"publish","type":"page","link":"http:\/\/leben-sinn.de\/lebensberatung\/fasten-zeiten\/unterkunft","title":{"rendered":"insel-zeit"},"content":{"rendered":"<p>&nbsp;<\/p>\n<table class=\"inhalt\">\n<tbody>\n<tr>\n<td class=\"text\">\n<h1><b>rundum entspannt &#8211; fasten und meer<\/b><\/h1>\n<p style=\"text-align: justify;\"><span style=\"color: #99cc00;\"><strong>Fasten-Zeit an der Ostsee<\/strong><\/span>, das hei\u00dft grenzenlose Weite, Spazierg\u00e4nge am Strand, Wind und Sturm, tosendes Meer, stille See, Strandgut, \u2026\u00a0\u00a0\u00a0\u00a0 &#8230; die Gedanken fliegen davon, verlieren sich hinter dem Horizont, geben die Seele frei &#8211; Kontakt mit der Stille.<\/p>\n<p style=\"text-align: justify;\"><strong><span style=\"color: #99cc00;\">Die Insel R\u00fcgen l\u00e4dt uns ein<\/span><\/strong>, ihre kraftvolle und auch wilde Natur zu erkunden: Die Steilk\u00fcste am Kap Arkona und die Kreidefelsen, die sanften H\u00fcgel des M\u00f6nchsgut, die stillen Str\u00e4nde der Schaabe, die weiten Laub-W\u00e4lder der Granitz oder auch die unber\u00fchrte Natur der Insel Vilm.<\/p>\n<p style=\"text-align: justify;\"><strong><span style=\"color: #99cc00;\">Unser Fasten-Domizil ist ein sch\u00f6nes altes Gutshaus<\/span> <\/strong>mit einem einzigartigem Flair, mitten auf der Insel.\u00a0 Das Haus ist liebevoll restauriert und bietet mit seinen exklusiven Ferienwohnungen Raum f\u00fcr R\u00fcckzug und Stille, zum An- und Innehalten, zum einfach SEIN &#8211; f\u00fcr Erfahrungen jenseits der allt\u00e4glichen Gesch\u00e4ftigkeit. Die innere Einkehr wird durch sanftes Yoga noch intensiver und nachhaltiger.<\/p>\n<p style=\"text-align: justify;\"><strong><span style=\"color: #99cc00;\">Die Fasten-K\u00fcche ist voll-biologisch<\/span> <\/strong>und liegt in fachm\u00e4nnischen H\u00e4nden &#8211; Obst und Gem\u00fcse f\u00fcr die S\u00e4fte und Suppen kommen aus zertifiziertem nachhaltigem Anbau. F\u00fcr eventuelle \u201eAchs und Wehs\u201c biete ich meine Obhut als Heilpraktikerin und Ern\u00e4hrungs-Beraterin.<\/p>\n<p><a title=\"Impressionen\" href=\"http:\/\/leben-sinn.de\/lebensberatung\/fasten-zeiten\/fasten-termine\">Termine \/ Preise<\/a>\u00a0\u00a0\u00a0\u00a0 <a title=\"Impressionen\" href=\"http:\/\/leben-sinn.de\/lebensberatung\/fasten-zeiten\/impressionen\">Impressionen<\/a><\/td>\n<td class=\"bild\"><a href=\"http:\/\/leben-sinn.de\/lebensberatung\/wp-content\/uploads\/2013\/09\/FotoFree027.jpg\"><img decoding=\"async\" loading=\"lazy\" class=\"wp-image-662 aligncenter\" src=\"http:\/\/leben-sinn.de\/lebensberatung\/wp-content\/uploads\/2013\/09\/FotoFree027.jpg\" alt=\"FotoFree027\" width=\"334\" height=\"193\" srcset=\"http:\/\/leben-sinn.de\/lebensberatung\/wp-content\/uploads\/2013\/09\/FotoFree027.jpg 688w, http:\/\/leben-sinn.de\/lebensberatung\/wp-content\/uploads\/2013\/09\/FotoFree027-300x173.jpg 300w, http:\/\/leben-sinn.de\/lebensberatung\/wp-content\/uploads\/2013\/09\/FotoFree027-624x361.jpg 624w\" sizes=\"(max-width: 334px) 100vw, 334px\" \/><\/a>\u00a0<a href=\"http:\/\/leben-sinn.de\/lebensberatung\/wp-content\/uploads\/2013\/09\/DSC_0445-e1397389293812.jpg\"><img decoding=\"async\" loading=\"lazy\" class=\"wp-image-669 aligncenter\" src=\"http:\/\/leben-sinn.de\/lebensberatung\/wp-content\/uploads\/2013\/09\/DSC_0445-e1397389293812.jpg\" alt=\"DSC_0445\" width=\"171\" height=\"227\" \/><\/a><\/td>\n<\/tr>\n<\/tbody>\n<\/table>\n","protected":false},"excerpt":{"rendered":"<p>&nbsp; rundum entspannt &#8211; fasten und meer Fasten-Zeit an der Ostsee, das hei\u00dft grenzenlose Weite, Spazierg\u00e4nge am Strand, Wind und Sturm, tosendes Meer, stille See, Strandgut, \u2026\u00a0\u00a0\u00a0\u00a0 &#8230; die Gedanken fliegen davon, verlieren sich hinter dem Horizont, geben die Seele frei &#8211; Kontakt mit der Stille. Die Insel R\u00fcgen l\u00e4dt uns ein, ihre kraftvolle und [&hellip;]<\/p>\n","protected":false},"author":1,"featured_media":0,"parent":244,"menu_order":0,"comment_status":"closed","ping_status":"closed","template":"page-templates\/full-width.php","meta":[],"_links":{"self":[{"href":"http:\/\/leben-sinn.de\/lebensberatung\/wp-json\/wp\/v2\/pages\/263"}],"collection":[{"href":"http:\/\/leben-sinn.de\/lebensberatung\/wp-json\/wp\/v2\/pages"}],"about":[{"href":"http:\/\/leben-sinn.de\/lebensberatung\/wp-json\/wp\/v2\/types\/page"}],"author":[{"embeddable":true,"href":"http:\/\/leben-sinn.de\/lebensberatung\/wp-json\/wp\/v2\/users\/1"}],"replies":[{"embeddable":true,"href":"http:\/\/leben-sinn.de\/lebensberatung\/wp-json\/wp\/v2\/comments?post=263"}],"version-history":[{"count":48,"href":"http:\/\/leben-sinn.de\/lebensberatung\/wp-json\/wp\/v2\/pages\/263\/revisions"}],"predecessor-version":[{"id":1342,"href":"http:\/\/leben-sinn.de\/lebensberatung\/wp-json\/wp\/v2\/pages\/263\/revisions\/1342"}],"up":[{"embeddable":true,"href":"http:\/\/leben-sinn.de\/lebensberatung\/wp-json\/wp\/v2\/pages\/244"}],"wp:attachment":[{"href":"http:\/\/leben-sinn.de\/lebensberatung\/wp-json\/wp\/v2\/media?parent=263"}],"curies":[{"name":"wp","href":"https:\/\/api.w.org\/{rel}","templated":true}]}}