{"id":278,"date":"2013-09-07T15:58:01","date_gmt":"2013-09-07T13:58:01","guid":{"rendered":"http:\/\/leben-sinn.de\/lebensberatung\/?page_id=278"},"modified":"2014-04-18T04:18:31","modified_gmt":"2014-04-18T02:18:31","slug":"systemische-aufstellungen","status":"publish","type":"page","link":"http:\/\/leben-sinn.de\/lebensberatung\/naturheilpraxis\/systemische-aufstellungen","title":{"rendered":"systemische aufstellungen"},"content":{"rendered":"<table class=\"inhalt\">\n<tbody>\n<tr>\n<td class=\"text\">\n<h1>eine beziehung wird immer wieder neu erschaffen.<br \/>\ntag f\u00fcr tag, woche f\u00fcr woche, jahr f\u00fcr jahr.<br \/>\nwenn du willst ein leben lang. <span style=\"font-weight: normal!important; font-size: 10pt!important;\">(Pierre Franckh)<\/span><\/h1>\n<p>&nbsp;<\/p>\n<p style=\"text-align: justify;\">Beziehungen zu anderen Menschen k\u00f6nnen manchmal belastend und kr\u00e4ftezehrend sein. Manchmal steht man Konflikten und Problemen in der Familie, im Kollegen- oder Freundeskreis hilflos gegen\u00fcber. Systemische Aufstellungen sind eine Methode, mit der wir herausfinden k\u00f6nnen, wo die Ursachen von Konflikten liegen und wie sie sich aufl\u00f6sen lassen.<\/p>\n<p style=\"text-align: justify;\">Bei der systemischen Arbeit wird mit Stellvertretern zum Beispiel ein Familiensystem aufgestellt. So wird erkennbar, welche Beziehungsgeflechte es gibt, warum manche uns gut tun und andere uns einschr\u00e4nken. Im Rahmen der Aufstellung suche ich mit Ihnen gemeinsam nach Wegen und L\u00f6sungen, um die \u201eOrdnungen der Liebe\u201c wieder herzustellen.<\/p>\n<p style=\"text-align: justify;\">Alternativ dazu besteht auch die M\u00f6glichkeit, Aufstellungen \u201eam Tisch\u201c zu machen, bei denen nur Klient und Therapeut miteinander arbeiten.<\/p>\n<p><a title=\"Termine \/ Preise\" href=\"..\/systemische-aufstellung-termine-preise\">Termine \/ Preise<\/a><\/td>\n<td class=\"bild\"><img decoding=\"async\" loading=\"lazy\" class=\"alignright size-full wp-image-145\" style=\"margin: 100px 0px;\" alt=\"moewe\" src=\"http:\/\/leben-sinn.de\/lebensberatung\/wp-content\/uploads\/2013\/09\/aufstellung.gif\" width=\"306\" height=\"184\" \/><\/td>\n<\/tr>\n<\/tbody>\n<\/table>\n","protected":false},"excerpt":{"rendered":"<p>eine beziehung wird immer wieder neu erschaffen. tag f\u00fcr tag, woche f\u00fcr woche, jahr f\u00fcr jahr. wenn du willst ein leben lang. (Pierre Franckh) &nbsp; Beziehungen zu anderen Menschen k\u00f6nnen manchmal belastend und kr\u00e4ftezehrend sein. Manchmal steht man Konflikten und Problemen in der Familie, im Kollegen- oder Freundeskreis hilflos gegen\u00fcber. Systemische Aufstellungen sind eine Methode, [&hellip;]<\/p>\n","protected":false},"author":1,"featured_media":0,"parent":271,"menu_order":1,"comment_status":"closed","ping_status":"closed","template":"page-templates\/full-width.php","meta":[],"_links":{"self":[{"href":"http:\/\/leben-sinn.de\/lebensberatung\/wp-json\/wp\/v2\/pages\/278"}],"collection":[{"href":"http:\/\/leben-sinn.de\/lebensberatung\/wp-json\/wp\/v2\/pages"}],"about":[{"href":"http:\/\/leben-sinn.de\/lebensberatung\/wp-json\/wp\/v2\/types\/page"}],"author":[{"embeddable":true,"href":"http:\/\/leben-sinn.de\/lebensberatung\/wp-json\/wp\/v2\/users\/1"}],"replies":[{"embeddable":true,"href":"http:\/\/leben-sinn.de\/lebensberatung\/wp-json\/wp\/v2\/comments?post=278"}],"version-history":[{"count":11,"href":"http:\/\/leben-sinn.de\/lebensberatung\/wp-json\/wp\/v2\/pages\/278\/revisions"}],"predecessor-version":[{"id":851,"href":"http:\/\/leben-sinn.de\/lebensberatung\/wp-json\/wp\/v2\/pages\/278\/revisions\/851"}],"up":[{"embeddable":true,"href":"http:\/\/leben-sinn.de\/lebensberatung\/wp-json\/wp\/v2\/pages\/271"}],"wp:attachment":[{"href":"http:\/\/leben-sinn.de\/lebensberatung\/wp-json\/wp\/v2\/media?parent=278"}],"curies":[{"name":"wp","href":"https:\/\/api.w.org\/{rel}","templated":true}]}}