{"id":297,"date":"2013-09-07T20:38:40","date_gmt":"2013-09-07T18:38:40","guid":{"rendered":"http:\/\/leben-sinn.de\/lebensberatung\/?page_id=297"},"modified":"2014-08-16T10:28:48","modified_gmt":"2014-08-16T08:28:48","slug":"beratung","status":"publish","type":"page","link":"http:\/\/leben-sinn.de\/lebensberatung\/naturheilpraxis\/beratung","title":{"rendered":"beratung"},"content":{"rendered":"<table class=\"inhalt\">\n<tbody>\n<tr>\n<td class=\"text\">\n<h1>kurs &#8222;10kg in 10 wochen&#8220;<\/h1>\n<p style=\"text-align: justify;\"><strong><span style=\"color: #99cc00;\">Einmal pro Woche gibt es im Kurs frischen Input und ein leckeres gesundes Esssen.<\/span> <\/strong>Ich habe ein umfangreiches Paket an Informationen zusammengestellt, das einen ganz neuen Blick auf die Ern\u00e4hrung und die eigenen Erfahrungen mit dem Thema Essen erm\u00f6glicht. Gemeinsam machen wir uns auf den Weg, Neues auszuprobieren und zu integrieren. Dabei werden wir Altes loslassen und wenn n\u00f6tig in diesen zehn Wochen zahlreiche Pfunde und Beschwerden loswerden.<\/p>\n<h1>individuelle beratung &#8211; auch bei erkrankungen<\/h1>\n<p style=\"text-align: justify;\">Wer mit einer heftigen Diagnose konfrontiert ist, wie zum Beispiel Diabetes, Bluthochdruck, Rheuma, MS, Parkinson, Morbus Crohn oder auch Krebs, &#8230; braucht einf\u00fchlsame Begleitung, auch und gerade im Bereich der Ern\u00e4hrungs-Umstellung.<\/p>\n<p style=\"text-align: justify;\"><span style=\"color: #99cc00;\"><strong>Wir nehmen uns Zeit, nach den wirklichen Ursachen zu suchen<\/strong> <\/span>und gehen dann gemeinsam eine tief-greifende Ver\u00e4nderung auf der Ebene der Ern\u00e4hrung an. So kommt es bald zu sp\u00fcrbaren Ver\u00e4nderungen, die Mut machen werden, wieder mehr Selbstverantwortung f\u00fcr den eigenen Weg zu \u00fcbernehmen.<\/p>\n<p><a title=\"Termine \/ Preise\" href=\"..\/ernaehrung-termine\">Termine \/ Preise<\/a><\/td>\n<td class=\"bild\">\u00a0<a href=\"http:\/\/leben-sinn.de\/lebensberatung\/wp-content\/uploads\/2013\/09\/Karla-auf-der-Wiese-019-neu-neu-e1397787304291.jpg\"><img decoding=\"async\" loading=\"lazy\" class=\"size-full wp-image-848 aligncenter\" src=\"http:\/\/leben-sinn.de\/lebensberatung\/wp-content\/uploads\/2013\/09\/Karla-auf-der-Wiese-019-neu-neu-e1397787304291.jpg\" alt=\"\" width=\"271\" height=\"244\" \/><\/a><\/td>\n<\/tr>\n<\/tbody>\n<\/table>\n","protected":false},"excerpt":{"rendered":"<p>kurs &#8222;10kg in 10 wochen&#8220; Einmal pro Woche gibt es im Kurs frischen Input und ein leckeres gesundes Esssen. Ich habe ein umfangreiches Paket an Informationen zusammengestellt, das einen ganz neuen Blick auf die Ern\u00e4hrung und die eigenen Erfahrungen mit dem Thema Essen erm\u00f6glicht. Gemeinsam machen wir uns auf den Weg, Neues auszuprobieren und zu [&hellip;]<\/p>\n","protected":false},"author":1,"featured_media":0,"parent":271,"menu_order":2,"comment_status":"closed","ping_status":"closed","template":"page-templates\/full-width.php","meta":[],"_links":{"self":[{"href":"http:\/\/leben-sinn.de\/lebensberatung\/wp-json\/wp\/v2\/pages\/297"}],"collection":[{"href":"http:\/\/leben-sinn.de\/lebensberatung\/wp-json\/wp\/v2\/pages"}],"about":[{"href":"http:\/\/leben-sinn.de\/lebensberatung\/wp-json\/wp\/v2\/types\/page"}],"author":[{"embeddable":true,"href":"http:\/\/leben-sinn.de\/lebensberatung\/wp-json\/wp\/v2\/users\/1"}],"replies":[{"embeddable":true,"href":"http:\/\/leben-sinn.de\/lebensberatung\/wp-json\/wp\/v2\/comments?post=297"}],"version-history":[{"count":22,"href":"http:\/\/leben-sinn.de\/lebensberatung\/wp-json\/wp\/v2\/pages\/297\/revisions"}],"predecessor-version":[{"id":1346,"href":"http:\/\/leben-sinn.de\/lebensberatung\/wp-json\/wp\/v2\/pages\/297\/revisions\/1346"}],"up":[{"embeddable":true,"href":"http:\/\/leben-sinn.de\/lebensberatung\/wp-json\/wp\/v2\/pages\/271"}],"wp:attachment":[{"href":"http:\/\/leben-sinn.de\/lebensberatung\/wp-json\/wp\/v2\/media?parent=297"}],"curies":[{"name":"wp","href":"https:\/\/api.w.org\/{rel}","templated":true}]}}