{"id":307,"date":"2013-09-07T20:47:40","date_gmt":"2013-09-07T18:47:40","guid":{"rendered":"http:\/\/leben-sinn.de\/lebensberatung\/?page_id=307"},"modified":"2026-01-04T21:40:49","modified_gmt":"2026-01-04T19:40:49","slug":"ernaehrung-termine","status":"publish","type":"page","link":"http:\/\/leben-sinn.de\/lebensberatung\/naturheilpraxis\/ernaehrung-termine","title":{"rendered":"termine \/ preise"},"content":{"rendered":"<table class=\"inhalt\" width=\"625\">\n<tbody>\n<tr>\n<td class=\"text\">\n<h1>termine \/ preise<\/h1>\n<h2><strong><span style=\"color: #99cc00;\">1. Kurs-Angebote<\/span><\/strong><\/h2>\n<p><b><span style=\"color: #99cc00;\">1. \u201eGesunde Ern\u00e4hrung\u201c<\/span> <\/b>\/ 175,&#8211; \u20ac\u00a0\u00a0 (Ehepaare zusammen 255,&#8211; \u20ac)<\/p>\n<p><span style=\"color: #000000;\">Der n\u00e4chste Kurs startet im Fr\u00fchjahr 2026, der genaue Termin wird noch festgelegt.<br \/>\n<\/span><\/p>\n<p><span style=\"color: #808080;\">Sechs Termine, jeweils Montags 18:00 &#8211; 21:00 Uhr<\/span><\/p>\n<p><span style=\"color: #ff0000;\">Wenn Du gleich sofort Hilfe suchst, dann buche bitte eine individuelle Beratung mit mir.<\/span><\/p>\n<h4><span style=\"color: #ffffff;\">Sinn<\/span><\/h4>\n<p><b><span style=\"color: #99cc00;\">2. Ern\u00e4hrungskurs f\u00fcr Wiederholer &#8222;Nachschlag\u201c<\/span> <\/b>\/ 65,&#8211; \u20ac (ein Termin 35,&#8211; \u20ac)<\/p>\n<p><span style=\"color: #000000;\">Die n\u00e4chsten beiden Kursabende sind f\u00fcr Sommer 2026 in Planung.<br \/>\n<\/span><\/p>\n<p><span style=\"color: #808080;\">Zwei Termine, jeweils Montag 18:00 &#8211; 21:00 Uhr<\/span><\/p>\n<p style=\"text-align: justify;\">Die Ern\u00e4hrungs-Kurse finden in der Werkstattk\u00fcche in der Bahnhofstra\u00dfe 23 in Schwarzenberg in kleinen Gruppen mit etwa zehn Teilnehmern statt. Die Preise umfassen die Kurs-Geb\u00fchr, umfangreiche Unterlagen mit zahlreichen Rezepten sowie jeweils ein gemeinsam zubereitetes Essen.<\/p>\n<h2><strong><span style=\"color: #99cc00;\">2. Individuelle Beratung &amp; Therapie<br \/>\n<\/span><\/strong><\/h2>\n<p><b><span style=\"color: #99cc00;\">Individuelle Beratung \/ Therapie<\/span> <\/b>\/ 60,&#8211; \u20ac pro Stunde<\/p>\n<p style=\"text-align: justify;\">F\u00fcr eine individuelle Ern\u00e4hrungs-Beratung oder auch f\u00fcr das Ausarbeiten und Umsetzen individueller Ern\u00e4hrungskonzepte bei (schwerwiegenden) Erkrankungen bitte in Kontakt mir mir kommen und einen Termin vereinbaren.<\/p>\n<p><span style=\"color: #99cc00;\"><b>Jahresbegleitung in Sachen Ern\u00e4hrung <\/b><\/span>\/ individuelle Zeit- und Preisvereinbarung<\/p>\n<p style=\"text-align: justify;\">Sie sind motiviert, Ihre Ern\u00e4hrung umzustellen, haben aber keine Zeit f\u00fcr einen regelm\u00e4\u00dfigen Kurs-Besuch, sondern wollen lieber individuell begleitet werden? Je nach Ihren W\u00fcnschen und M\u00f6glichkeiten erstellen wir gemeinsam IHR individuelles Programm, und ich begleite Sie bei dessen Umsetzung in den Alltag. Ich bin f\u00fcr Sie da &#8211; step by step &#8211; mit liebevollem Nachdruck. Per Mail oder &#8222;App&#8220;, per Anruf oder Skype und nat\u00fcrlich auch pers\u00f6nlich.<\/p>\n<\/td>\n<td class=\"bild\"><\/td>\n<\/tr>\n<\/tbody>\n<\/table>\n","protected":false},"excerpt":{"rendered":"<p>termine \/ preise 1. Kurs-Angebote 1. \u201eGesunde Ern\u00e4hrung\u201c \/ 175,&#8211; \u20ac\u00a0\u00a0 (Ehepaare zusammen 255,&#8211; \u20ac) Der n\u00e4chste Kurs startet im Fr\u00fchjahr 2026, der genaue Termin wird noch festgelegt. Sechs Termine, jeweils Montags 18:00 &#8211; 21:00 Uhr Wenn Du gleich sofort Hilfe suchst, dann buche bitte eine individuelle Beratung mit mir. Sinn 2. Ern\u00e4hrungskurs f\u00fcr Wiederholer [&hellip;]<\/p>\n","protected":false},"author":1,"featured_media":0,"parent":271,"menu_order":3,"comment_status":"closed","ping_status":"closed","template":"page-templates\/full-width.php","meta":[],"_links":{"self":[{"href":"http:\/\/leben-sinn.de\/lebensberatung\/wp-json\/wp\/v2\/pages\/307"}],"collection":[{"href":"http:\/\/leben-sinn.de\/lebensberatung\/wp-json\/wp\/v2\/pages"}],"about":[{"href":"http:\/\/leben-sinn.de\/lebensberatung\/wp-json\/wp\/v2\/types\/page"}],"author":[{"embeddable":true,"href":"http:\/\/leben-sinn.de\/lebensberatung\/wp-json\/wp\/v2\/users\/1"}],"replies":[{"embeddable":true,"href":"http:\/\/leben-sinn.de\/lebensberatung\/wp-json\/wp\/v2\/comments?post=307"}],"version-history":[{"count":126,"href":"http:\/\/leben-sinn.de\/lebensberatung\/wp-json\/wp\/v2\/pages\/307\/revisions"}],"predecessor-version":[{"id":2436,"href":"http:\/\/leben-sinn.de\/lebensberatung\/wp-json\/wp\/v2\/pages\/307\/revisions\/2436"}],"up":[{"embeddable":true,"href":"http:\/\/leben-sinn.de\/lebensberatung\/wp-json\/wp\/v2\/pages\/271"}],"wp:attachment":[{"href":"http:\/\/leben-sinn.de\/lebensberatung\/wp-json\/wp\/v2\/media?parent=307"}],"curies":[{"name":"wp","href":"https:\/\/api.w.org\/{rel}","templated":true}]}}