{"id":359,"date":"2013-09-08T10:50:49","date_gmt":"2013-09-08T08:50:49","guid":{"rendered":"http:\/\/leben-sinn.de\/lebensberatung\/?page_id=359"},"modified":"2019-10-16T10:08:39","modified_gmt":"2019-10-16T08:08:39","slug":"systemische-aufstellung-termine-preise","status":"publish","type":"page","link":"http:\/\/leben-sinn.de\/lebensberatung\/naturheilpraxis\/systemische-aufstellung-termine-preise","title":{"rendered":"Termine \/ Preise"},"content":{"rendered":"<table class=\"inhalt\">\n<tbody>\n<tr>\n<td class=\"text\">\n<h1>termine \/ preise<\/h1>\n<p><span style=\"color: #99cc00;\"><b>1. Regelm\u00e4\u00dfige Aufstellungen als Gruppenarbeit<\/b><strong><br \/>\n<\/strong><\/span><\/p>\n<p><strong>Die Termine organisieren wir konkret nach Bedarf<br \/>\n<\/strong><\/p>\n<p>im Yoga-Zentrum, Robert-Koch-Stra\u00dfe 16 A\u00a0\u00a0\u00a0 (bitte anmelden)<\/p>\n<p>Aufstellen eines Anliegens: 60,&#8211; \u20ac<\/p>\n<p>Gruppen-Teilnehmer: 15,&#8211; \u20ac<\/p>\n<p><span style=\"color: #ffffff;\">Termin<\/span><\/p>\n<p><b><span style=\"color: #99cc00;\">2. System-Aufstellungen mit Figuren am Tisch<\/span> <\/b><\/p>\n<p>&#8211; individuelle Bearbeitung der Klienten-Themen mit Figuren oder kleinen Puppen<\/p>\n<p>&#8211; Termine nach Vereinbarung<\/p>\n<p>Aufstellen eines Anliegens: 60,&#8211; \u20ac<\/p>\n<p><span style=\"color: #ffffff;\">Termin<\/span><\/p>\n<p><span style=\"color: #99cc00;\"><b>3. Wochenend-Workshops<\/b><\/span><\/p>\n<p>&#8211; Arbeit in Gruppen und \/ oder individuell je nach Anliegen der Teilnehmer<\/p>\n<p>&#8211; Termine in Vorbereitung<\/td>\n<td class=\"bild\"><\/td>\n<\/tr>\n<\/tbody>\n<\/table>\n","protected":false},"excerpt":{"rendered":"<p>termine \/ preise 1. Regelm\u00e4\u00dfige Aufstellungen als Gruppenarbeit Die Termine organisieren wir konkret nach Bedarf im Yoga-Zentrum, Robert-Koch-Stra\u00dfe 16 A\u00a0\u00a0\u00a0 (bitte anmelden) Aufstellen eines Anliegens: 60,&#8211; \u20ac Gruppen-Teilnehmer: 15,&#8211; \u20ac Termin 2. System-Aufstellungen mit Figuren am Tisch &#8211; individuelle Bearbeitung der Klienten-Themen mit Figuren oder kleinen Puppen &#8211; Termine nach Vereinbarung Aufstellen eines Anliegens: 60,&#8211; [&hellip;]<\/p>\n","protected":false},"author":1,"featured_media":0,"parent":271,"menu_order":0,"comment_status":"closed","ping_status":"closed","template":"page-templates\/full-width.php","meta":[],"_links":{"self":[{"href":"http:\/\/leben-sinn.de\/lebensberatung\/wp-json\/wp\/v2\/pages\/359"}],"collection":[{"href":"http:\/\/leben-sinn.de\/lebensberatung\/wp-json\/wp\/v2\/pages"}],"about":[{"href":"http:\/\/leben-sinn.de\/lebensberatung\/wp-json\/wp\/v2\/types\/page"}],"author":[{"embeddable":true,"href":"http:\/\/leben-sinn.de\/lebensberatung\/wp-json\/wp\/v2\/users\/1"}],"replies":[{"embeddable":true,"href":"http:\/\/leben-sinn.de\/lebensberatung\/wp-json\/wp\/v2\/comments?post=359"}],"version-history":[{"count":22,"href":"http:\/\/leben-sinn.de\/lebensberatung\/wp-json\/wp\/v2\/pages\/359\/revisions"}],"predecessor-version":[{"id":1987,"href":"http:\/\/leben-sinn.de\/lebensberatung\/wp-json\/wp\/v2\/pages\/359\/revisions\/1987"}],"up":[{"embeddable":true,"href":"http:\/\/leben-sinn.de\/lebensberatung\/wp-json\/wp\/v2\/pages\/271"}],"wp:attachment":[{"href":"http:\/\/leben-sinn.de\/lebensberatung\/wp-json\/wp\/v2\/media?parent=359"}],"curies":[{"name":"wp","href":"https:\/\/api.w.org\/{rel}","templated":true}]}}