{"id":427,"date":"2013-09-11T21:28:09","date_gmt":"2013-09-11T19:28:09","guid":{"rendered":"http:\/\/leben-sinn.de\/lebensberatung\/?page_id=427"},"modified":"2014-04-18T04:25:39","modified_gmt":"2014-04-18T02:25:39","slug":"auszeit","status":"publish","type":"page","link":"http:\/\/leben-sinn.de\/lebensberatung\/burnout\/auszeit","title":{"rendered":"Auszeit"},"content":{"rendered":"<table class=\"inhalt\">\n<tbody>\n<tr>\n<td class=\"text\">\n<h1>das ruder herumrei\u00dfen<\/h1>\n<p>Nehmen Sie sich eine Auszeit \u2013 <strong>JETZT<\/strong>.<\/p>\n<p style=\"text-align: justify;\">G\u00f6nnen Sie sich zehn Tage Abstand. Schalten Sie Ihr Handy und Ihren Laptop aus. Legen Sie Ihre Uhr ab.<\/p>\n<p style=\"text-align: justify;\">Kommen Sie mit ans tosende Meer, zu langen Strandspazierg\u00e4ngen, in die urw\u00fcchsige Natur, in gem\u00fctliche Caf\u00e9s. Kap Arkona, die Kreidefelsen, Binz und das Jagdschloss Granitz, das M\u00f6nchsgut &#8211; die Insel R\u00fcgen bietet das ideale Ambiente f\u00fcr diese Auszeit.<\/p>\n<p>&nbsp;<\/p>\n<p style=\"text-align: justify;\">Sie wohnen exklusiv in einem der sch\u00f6nsten Gutsh\u00e4user der Insel. Dort bieten wir Ihnen ein komplexes Rundum-Konzept in Sachen BurnOut-Pr\u00e4vention. Wir zelebrieren das Dasein abseits des \u201eGanz normalen t\u00e4glichen Wahnsinns\u201c und richten den Blick nach Innen. In praktischen Workshops vermitteln wir mit Wertsch\u00e4tzung, Frische und Humor n\u00f6tiges Wissen zu Ursachen, Hintergr\u00fcnden &#8211; und vor allem zur Bew\u00e4ltigung Ihres Dauerstress-Marathons. Mit exzellenten Ayurveda-Anwendungen verw\u00f6hnen wir Ihren K\u00f6rper, und mit erf\u00fcllendem ZusammenSein die Seele. So erwecken wir verloren gegangene Kraft und St\u00e4rke wieder.<\/p>\n<\/td>\n<td class=\"bild\">\u00a0<a href=\"http:\/\/leben-sinn.de\/lebensberatung\/wp-content\/uploads\/2013\/09\/steine.jpg\"><img decoding=\"async\" loading=\"lazy\" class=\"size-full wp-image-93 aligncenter\" alt=\"steine\" src=\"http:\/\/leben-sinn.de\/lebensberatung\/wp-content\/uploads\/2013\/09\/steine.jpg\" width=\"210\" height=\"270\" \/><\/a><\/td>\n<\/tr>\n<\/tbody>\n<\/table>\n","protected":false},"excerpt":{"rendered":"<p>das ruder herumrei\u00dfen Nehmen Sie sich eine Auszeit \u2013 JETZT. G\u00f6nnen Sie sich zehn Tage Abstand. Schalten Sie Ihr Handy und Ihren Laptop aus. Legen Sie Ihre Uhr ab. Kommen Sie mit ans tosende Meer, zu langen Strandspazierg\u00e4ngen, in die urw\u00fcchsige Natur, in gem\u00fctliche Caf\u00e9s. Kap Arkona, die Kreidefelsen, Binz und das Jagdschloss Granitz, das [&hellip;]<\/p>\n","protected":false},"author":1,"featured_media":0,"parent":82,"menu_order":0,"comment_status":"closed","ping_status":"closed","template":"page-templates\/full-width.php","meta":[],"_links":{"self":[{"href":"http:\/\/leben-sinn.de\/lebensberatung\/wp-json\/wp\/v2\/pages\/427"}],"collection":[{"href":"http:\/\/leben-sinn.de\/lebensberatung\/wp-json\/wp\/v2\/pages"}],"about":[{"href":"http:\/\/leben-sinn.de\/lebensberatung\/wp-json\/wp\/v2\/types\/page"}],"author":[{"embeddable":true,"href":"http:\/\/leben-sinn.de\/lebensberatung\/wp-json\/wp\/v2\/users\/1"}],"replies":[{"embeddable":true,"href":"http:\/\/leben-sinn.de\/lebensberatung\/wp-json\/wp\/v2\/comments?post=427"}],"version-history":[{"count":10,"href":"http:\/\/leben-sinn.de\/lebensberatung\/wp-json\/wp\/v2\/pages\/427\/revisions"}],"predecessor-version":[{"id":2104,"href":"http:\/\/leben-sinn.de\/lebensberatung\/wp-json\/wp\/v2\/pages\/427\/revisions\/2104"}],"up":[{"embeddable":true,"href":"http:\/\/leben-sinn.de\/lebensberatung\/wp-json\/wp\/v2\/pages\/82"}],"wp:attachment":[{"href":"http:\/\/leben-sinn.de\/lebensberatung\/wp-json\/wp\/v2\/media?parent=427"}],"curies":[{"name":"wp","href":"https:\/\/api.w.org\/{rel}","templated":true}]}}