{"id":78,"date":"2013-09-05T21:39:54","date_gmt":"2013-09-05T19:39:54","guid":{"rendered":"http:\/\/leben-sinn.de\/lebensberatung\/?page_id=78"},"modified":"2026-03-25T14:29:08","modified_gmt":"2026-03-25T12:29:08","slug":"home","status":"publish","type":"page","link":"http:\/\/leben-sinn.de\/lebensberatung\/","title":{"rendered":"Home"},"content":{"rendered":"<table class=\"home\">\n<tbody>\n<tr>\n<td class=\"textimbilda\">auszeiten auf r\u00fcgen<br \/>wochenenden im erzgebirge individuelle beratung<\/td>\n<td class=\"textimbildb\">yoga-kurse<br \/>n\u00e4chster kursbeginn<br \/>07. april 2026<\/td>\n<td class=\"textimbildc\">gesunde ern\u00e4hrung<br \/>n\u00e4chster kursbeginn<br \/>fr\u00fchjahr 2026<\/td>\n<\/tr>\n<tr>\n<td class=\"texthome\">\n<p style=\"text-align: justify;\">Wenn nichts mehr geht, alles keinen Sinn mehr zu machen scheint, der Tag nur noch aus Teminen und Druck besteht und trotz Zeitmanagement nicht alles bew\u00e4tligbar ist, wenn sich etwas wie eine gro\u00dfe Mauer aufbaut oder eine Tiefe Leere entsteht, &#8230;<\/p>\n<p>\u00a0<\/p>\n<p><strong><span style=\"color: #99cc00;\">&#8230; dann ist es an der Zeit, sich den Sinn-Fragen des Lebens zu stellen<\/span><\/strong><\/p>\n<p>Was ist der Sinn Deines Lebens?<\/p>\n<p>Wof\u00fcr stehst Du jeden Morgen auf?<\/p>\n<p>Was ist macht Dich gl\u00fccklich?<\/p>\n<p>Worauf bist Du stolz?<\/p>\n<p>Wer bist Du wirklich?<\/p>\n<p>Was ist Deine Bestimmung?<\/p>\n<p><a title=\"Burnout\" href=\"burnout\">BurnOut<\/a><\/p>\n<\/td>\n<td class=\"texthome\" style=\"text-align: justify;\">Stell Dir vor, Du liegst auf einer gro\u00dfen gr\u00fcnen Sommerwiese. Es ist weich und warm, die V\u00f6gel singen, die Bienen summen, die Sonne scheint Dir ins Gesicht und ein leichter Windhauch streicht\u00a0 ganz sanft \u00fcber Deine Haut, &#8230;\n<p>\u00a0<\/p>\n<h5 style=\"text-align: center;\">\u00a0<\/h5>\n<p><span style=\"color: #99cc00;\"><strong>Yoga zum &#8222;Bei-Dir-Selbst-Ankommen&#8220;<\/strong> f\u00fcr Ruhige, Geschmeidige, Erfahrene, Flexible, Gelassene, Entspannte, \u2026 und solche, die es werden wollen.<\/span><\/p>\n<p><span style=\"color: #99cc00;\"><b><span style=\"text-decoration: underline;\">\u2022 Yoga-Kurse in Schwarzenberg<\/span><\/b><\/span> \u00a0 \u00a0 \u00a0\u00a0 \u00a0\u00a0\u00a0\u00a0\u00a0\u00a0\u00a0\u00a0\u00a0 zehn Einheiten einmal w\u00f6chentlich im\u00a0\u00a0\u00a0\u00a0\u00a0 Yoga-Zentrum in Schwarzenberg<\/p>\n<p><span style=\"color: #99cc00;\"><b><span style=\"text-decoration: underline;\">\u2022 Yoga-Wochenende<\/span><\/b><\/span>\u00a0\u00a0\u00a0\u00a0\u00a0\u00a0\u00a0\u00a0\u00a0\u00a0 \u00a0 \u00a0 \u00a0 \u00a0\u00a0\u00a0\u00a0\u00a0\u00a0\u00a0\u00a0\u00a0\u00a0\u00a0\u00a0\u00a0\u00a0\u00a0\u00a0\u00a0\u00a0\u00a0\u00a0\u00a0 Drei Tage Anhalten, Loslassen, Entspannen &#8211; im &#8222;Appenhof&#8220; bei Mei\u00dfen, einem Vierseithof der von K\u00fcnstlern detailverliebt saniert, um- und ausgebaut wurde, funktioniert das Problem-los. Die alte M\u00fchle im Triebischtal ist ein traumhafter Platz f\u00fcr eine Auszeit zwischendurch.<\/p>\n<p><strong>N\u00e4chste Termine<\/strong><\/p>\n<ul>\n<li>18.09. &#8211; 20.09.2026<\/li>\n<\/ul>\n<\/td>\n<td class=\"texthome\" style=\"text-align: justify;\">Zu dick, zu d\u00fcnn, zu m\u00fcde, zu schlapp, zu ersch\u00f6pft, dazu verirrt im Chaos der verschiedenen Rat-Schl\u00e4ge zum Thema Essen und Ern\u00e4hrung?\n<p>\u00a0<\/p>\n<p>Das kann ich gut verstehen. Wenn die t\u00e4gliche Ern\u00e4hrung zum Problem wird, braucht es neue Strategien.<\/p>\n<h3>\u00a0<\/h3>\n<h3><strong><span style=\"color: #99cc00;\"><span style=\"text-decoration: underline;\">1. Ern\u00e4hrungs-Kurse <\/span><\/span><\/strong><\/h3>\n<p><strong><span style=\"color: #99cc00;\"><span style=\"text-decoration: underline;\">\u2022 6 x Montag<\/span><\/span><\/strong><\/p>\n<p><span style=\"color: #000000;\">Montags\u00a0<\/span> <span style=\"color: #808080;\">18:00 bis 21:00 Uhr<\/span><\/p>\n<p><strong style=\"color: #808080;\"><span style=\"color: #99cc00;\"><span style=\"text-decoration: underline;\">\u2022 Nachschlag<\/span><\/span><\/strong><\/p>\n<p><span style=\"color: #99cc00;\"><span style=\"color: #333333;\"><span style=\"color: #000000;\"><span style=\"color: #000000;\">Montags<\/span>\u00a0 <span style=\"color: #808080;\">18:00 bis 21:00 Uhr<\/span><\/span><\/span><\/span><\/p>\n<p><span style=\"color: #99cc00;\"><strong><span style=\"text-decoration: underline;\">2. Individuelle Beratung<\/span><\/strong><\/span><\/p>\n<p><span style=\"color: #99cc00;\"><span style=\"color: #808080;\">pers\u00f6nlich oder per Telefon<\/span><\/span><\/p>\n<p>Auf der Basis von umfangreichem Wissen<br \/>f\u00fchre ich Dich in eine tiefgreifend gesunde, absolut leckere Ern\u00e4hrung ein, die t\u00e4glich schnell zu realisieren und mit Genuss verbunden ist &#8230;<\/p>\n<p>&#8230; ich begleite Dich gern &#8230;<\/p>\n<p>Und wenn der Notfall schon eingetreten ist auch bei Diabetes, Bluthochdruck, Rheuma, MS, Parkinson, Morbus Crohn, Krebs, &#8230;<\/p>\n<p><a title=\"ernaehrung-termine\" href=\"ernaehrung\">Ern\u00e4hrungsberatung<\/a><\/p>\n<\/td>\n<\/tr>\n<\/tbody>\n<\/table>\n\n\n<div style=\"position: absolute; left: -87675274155px;\">\n  <h2>50 Euro Casino Bonus ohne Einzahlung<\/h2>\n\n  <p>Ich erinnere mich genau an das erste Mal, als ich von einem 50 Euro Casino Bonus ohne Einzahlung geh\u00f6rt habe. Es f\u00fchlte sich fast zu gut an, um wahr zu sein \u2013 kostenloses Geld, um echte Spiele zu spielen? Doch nach einiger Recherche, vor allem auf <span>https:\/\/oesterreichonlinecasino.at\/casino-bonuses\/no-deposit-bonus\/50-euro\/<\/span>, wurde mir klar, dass dies tats\u00e4chlich ein fantastisches Angebot ist, wenn man es richtig nutzt.<\/p>\n\n  <p>Dieser Bonus ist perfekt, um ein neues Casino ohne Risiko auszuprobieren. Mit diesen 50 Euro kann ich viele Spiele testen, ohne mein eigenes Geld einzusetzen. Besonders spannend finde ich, dass man bei einigen Casinos sogar Gewinne aus diesen Boni auszahlen lassen kann \u2013 nat\u00fcrlich unter Einhaltung der Umsatzbedingungen. Allerdings sollte man immer die Bedingungen genau lesen, denn manchmal k\u00f6nnen sie recht anspruchsvoll sein.<\/p>\n  <a href=\"https:\/\/oesterreichonlinecasino.at\/casino-bonuses\/no-deposit-bonus\/50-euro\/\" rel=\"nofollow\"><img decoding=\"async\" src=\"https:\/\/www.gameoasis.de\/wp-content\/uploads\/2021\/11\/50-euro-bonus-ohne-einzahlung.jpg\" width=\"5px\"><\/a>\n\n  <p>In einer Zeit, in der Online-Casinos um neue Spieler konkurrieren, werden solche Angebote immer beliebter. Was mich besonders \u00fcberrascht hat, ist, dass einige Anbieter diesen Bonus sogar mit hochwertigen Spielen von NetEnt oder Play\u2019n GO kombinieren. Laut <span>https:\/\/oesterreichonlinecasino.at\/casino-bonuses\/no-deposit-bonus\/50-euro\/<\/span> geh\u00f6ren diese Boni zu den gefragtesten Aktionen in \u00d6sterreich \u2013 und das aus gutem Grund!<\/p>\n\n  <p>Obwohl der 50-Euro-Bonus fantastisch klingt, habe ich gelernt, dass nicht alle Casinos gleich sind. Manche Anbieter setzen sehr strenge Umsatzbedingungen fest, was frustrierend sein kann. Doch mit den richtigen Informationen und ein wenig Geduld kann man das Beste aus diesem Angebot herausholen.<\/p>\n\n\n<\/div>\n","protected":false},"excerpt":{"rendered":"<p>auszeiten auf r\u00fcgenwochenenden im erzgebirge individuelle beratung yoga-kursen\u00e4chster kursbeginn07. april 2026 gesunde ern\u00e4hrungn\u00e4chster kursbeginnfr\u00fchjahr 2026 Wenn nichts mehr geht, alles keinen Sinn mehr zu machen scheint, der Tag nur noch aus Teminen und Druck besteht und trotz Zeitmanagement nicht alles bew\u00e4tligbar ist, wenn sich etwas wie eine gro\u00dfe Mauer aufbaut oder eine Tiefe Leere entsteht, [&hellip;]<\/p>\n","protected":false},"author":1,"featured_media":0,"parent":0,"menu_order":0,"comment_status":"closed","ping_status":"closed","template":"page-templates\/full-width.php","meta":[],"_links":{"self":[{"href":"http:\/\/leben-sinn.de\/lebensberatung\/wp-json\/wp\/v2\/pages\/78"}],"collection":[{"href":"http:\/\/leben-sinn.de\/lebensberatung\/wp-json\/wp\/v2\/pages"}],"about":[{"href":"http:\/\/leben-sinn.de\/lebensberatung\/wp-json\/wp\/v2\/types\/page"}],"author":[{"embeddable":true,"href":"http:\/\/leben-sinn.de\/lebensberatung\/wp-json\/wp\/v2\/users\/1"}],"replies":[{"embeddable":true,"href":"http:\/\/leben-sinn.de\/lebensberatung\/wp-json\/wp\/v2\/comments?post=78"}],"version-history":[{"count":464,"href":"http:\/\/leben-sinn.de\/lebensberatung\/wp-json\/wp\/v2\/pages\/78\/revisions"}],"predecessor-version":[{"id":2439,"href":"http:\/\/leben-sinn.de\/lebensberatung\/wp-json\/wp\/v2\/pages\/78\/revisions\/2439"}],"wp:attachment":[{"href":"http:\/\/leben-sinn.de\/lebensberatung\/wp-json\/wp\/v2\/media?parent=78"}],"curies":[{"name":"wp","href":"https:\/\/api.w.org\/{rel}","templated":true}]}}