{"id":87,"date":"2013-09-05T21:49:33","date_gmt":"2013-09-05T19:49:33","guid":{"rendered":"http:\/\/leben-sinn.de\/lebensberatung\/?page_id=87"},"modified":"2013-09-28T13:54:56","modified_gmt":"2013-09-28T11:54:56","slug":"informationen","status":"publish","type":"page","link":"http:\/\/leben-sinn.de\/lebensberatung\/burnout\/informationen","title":{"rendered":"Informationen"},"content":{"rendered":"<table class=\"inhalt\">\n<tbody>\n<tr>\n<td class=\"text\">\n<h1>wirklich tiefgreifende werte sind uns kollektiv abhanden gekommen<\/h1>\n<p>Wahre Menschlichkeit, Mitgef\u00fchl, Vertrauen, Integrit\u00e4t, Ehrlichkeit und Lebensfreude sind uns im beruflichen und zunehmend auch im privaten Kontext kollektiv abhanden gekommen. Der immer komplexer werdende Alltag mit Beruf und Familie wird h\u00e4ufig \u00fcberschattet von zunehmenden Sorgen \u00fcber die soziale Absicherung und eine unbestimmte, stetig wachsende Angst vor der Zukunft.<\/p>\n<p>Gerade beruflich engagierte und erfolgreiche M\u00e4nner und Frauen sind von einer neuartigen, ungewohnten Orientierungslosigkeit betroffen, die fassungslos macht. Halt und Inhalt im Leben scheinen verloren gegangen zu sein.<\/p>\n<p>BurnOut bedeutet, dass den Betroffenen genau das, was ihn einst \u201eentflammt\u201c hat &#8211; wof\u00fcr er gebrannt hat &#8211; jetzt an den Rand der Ersch\u00f6pfung treibt. Dieser Prozess geht schleichend von statten, so dass dem Einzelnen das Ausma\u00df meist nicht bewusst ist. Partner, Freunde und Kollegen beobachten die schrittweise Ver\u00e4nderung oft mit Schrecken und sind machtlos, weil der Betroffene in dieser rasanten Abw\u00e4rtsspirale immer unerreichbarer wird. Er hat sich von sich selbst und seinen wahren Werten mehr und mehr entfernt.<\/p>\n<h1><\/h1>\n<\/td>\n<td class=\"bild\">\u00a0<a href=\"http:\/\/leben-sinn.de\/lebensberatung\/wp-content\/uploads\/2013\/09\/steine.jpg\"><img decoding=\"async\" loading=\"lazy\" class=\"wp-image-93 aligncenter\" alt=\"steine\" src=\"http:\/\/leben-sinn.de\/lebensberatung\/wp-content\/uploads\/2013\/09\/steine.jpg\" width=\"189\" height=\"243\" \/><\/a><\/td>\n<\/tr>\n<\/tbody>\n<\/table>\n","protected":false},"excerpt":{"rendered":"<p>wirklich tiefgreifende werte sind uns kollektiv abhanden gekommen Wahre Menschlichkeit, Mitgef\u00fchl, Vertrauen, Integrit\u00e4t, Ehrlichkeit und Lebensfreude sind uns im beruflichen und zunehmend auch im privaten Kontext kollektiv abhanden gekommen. Der immer komplexer werdende Alltag mit Beruf und Familie wird h\u00e4ufig \u00fcberschattet von zunehmenden Sorgen \u00fcber die soziale Absicherung und eine unbestimmte, stetig wachsende Angst vor [&hellip;]<\/p>\n","protected":false},"author":1,"featured_media":0,"parent":82,"menu_order":2,"comment_status":"closed","ping_status":"closed","template":"page-templates\/full-width.php","meta":[],"_links":{"self":[{"href":"http:\/\/leben-sinn.de\/lebensberatung\/wp-json\/wp\/v2\/pages\/87"}],"collection":[{"href":"http:\/\/leben-sinn.de\/lebensberatung\/wp-json\/wp\/v2\/pages"}],"about":[{"href":"http:\/\/leben-sinn.de\/lebensberatung\/wp-json\/wp\/v2\/types\/page"}],"author":[{"embeddable":true,"href":"http:\/\/leben-sinn.de\/lebensberatung\/wp-json\/wp\/v2\/users\/1"}],"replies":[{"embeddable":true,"href":"http:\/\/leben-sinn.de\/lebensberatung\/wp-json\/wp\/v2\/comments?post=87"}],"version-history":[{"count":7,"href":"http:\/\/leben-sinn.de\/lebensberatung\/wp-json\/wp\/v2\/pages\/87\/revisions"}],"predecessor-version":[{"id":499,"href":"http:\/\/leben-sinn.de\/lebensberatung\/wp-json\/wp\/v2\/pages\/87\/revisions\/499"}],"up":[{"embeddable":true,"href":"http:\/\/leben-sinn.de\/lebensberatung\/wp-json\/wp\/v2\/pages\/82"}],"wp:attachment":[{"href":"http:\/\/leben-sinn.de\/lebensberatung\/wp-json\/wp\/v2\/media?parent=87"}],"curies":[{"name":"wp","href":"https:\/\/api.w.org\/{rel}","templated":true}]}}